{"id":110,"date":"2018-03-19T15:16:41","date_gmt":"2018-03-19T14:16:41","guid":{"rendered":"http:\/\/www.entmi.it\/cms01\/?page_id=110"},"modified":"2020-01-08T18:06:34","modified_gmt":"2020-01-08T17:06:34","slug":"amministrazione-trasparente","status":"publish","type":"page","link":"https:\/\/www.entmi.it\/cms01\/index.php\/amministrazione-trasparente\/","title":{"rendered":"Amministrazione trasparente"},"content":{"rendered":"<p>[et_pb_section fb_built=&#8221;1&#8243; fullwidth=&#8221;on&#8221; _builder_version=&#8221;3.0.106&#8243; global_module=&#8221;101&#8243;][et_pb_fullwidth_slider _builder_version=&#8221;3.19.17&#8243; auto=&#8221;on&#8221; auto_speed=&#8221;4000&#8243; button_text_size__hover_enabled=&#8221;off&#8221; button_text_size__hover=&#8221;null&#8221; button_one_text_size__hover_enabled=&#8221;off&#8221; button_one_text_size__hover=&#8221;null&#8221; button_two_text_size__hover_enabled=&#8221;off&#8221; button_two_text_size__hover=&#8221;null&#8221; button_text_color__hover_enabled=&#8221;off&#8221; button_text_color__hover=&#8221;null&#8221; button_one_text_color__hover_enabled=&#8221;off&#8221; button_one_text_color__hover=&#8221;null&#8221; button_two_text_color__hover_enabled=&#8221;off&#8221; button_two_text_color__hover=&#8221;null&#8221; button_border_width__hover_enabled=&#8221;off&#8221; button_border_width__hover=&#8221;null&#8221; button_one_border_width__hover_enabled=&#8221;off&#8221; button_one_border_width__hover=&#8221;null&#8221; button_two_border_width__hover_enabled=&#8221;off&#8221; button_two_border_width__hover=&#8221;null&#8221; button_border_color__hover_enabled=&#8221;off&#8221; button_border_color__hover=&#8221;null&#8221; button_one_border_color__hover_enabled=&#8221;off&#8221; button_one_border_color__hover=&#8221;null&#8221; button_two_border_color__hover_enabled=&#8221;off&#8221; button_two_border_color__hover=&#8221;null&#8221; button_border_radius__hover_enabled=&#8221;off&#8221; button_border_radius__hover=&#8221;null&#8221; button_one_border_radius__hover_enabled=&#8221;off&#8221; button_one_border_radius__hover=&#8221;null&#8221; button_two_border_radius__hover_enabled=&#8221;off&#8221; button_two_border_radius__hover=&#8221;null&#8221; button_letter_spacing__hover_enabled=&#8221;off&#8221; button_letter_spacing__hover=&#8221;null&#8221; button_one_letter_spacing__hover_enabled=&#8221;off&#8221; button_one_letter_spacing__hover=&#8221;null&#8221; button_two_letter_spacing__hover_enabled=&#8221;off&#8221; button_two_letter_spacing__hover=&#8221;null&#8221; button_bg_color__hover_enabled=&#8221;off&#8221; button_bg_color__hover=&#8221;null&#8221; button_one_bg_color__hover_enabled=&#8221;off&#8221; button_one_bg_color__hover=&#8221;null&#8221; button_two_bg_color__hover_enabled=&#8221;off&#8221; button_two_bg_color__hover=&#8221;null&#8221;][et_pb_slide heading=&#8221;Edizione Nazionale dei Testi Mediolatini d\u2019Italia&#8221; use_bg_overlay=&#8221;off&#8221; use_text_overlay=&#8221;off&#8221; admin_title=&#8221;ENTMI&#8221; _builder_version=&#8221;3.19.17&#8243; background_color=&#8221;#ffffff&#8221; background_image=&#8221;http:\/\/www.entmi.it\/cms01\/wp-content\/uploads\/2018\/03\/ENTM_distesi_II.png&#8221; button_on_hover=&#8221;on&#8221; background_layout=&#8221;light&#8221; button_text_size__hover_enabled=&#8221;off&#8221; button_one_text_size__hover_enabled=&#8221;off&#8221; button_two_text_size__hover_enabled=&#8221;off&#8221; button_text_color__hover_enabled=&#8221;off&#8221; button_one_text_color__hover_enabled=&#8221;off&#8221; button_two_text_color__hover_enabled=&#8221;off&#8221; button_border_width__hover_enabled=&#8221;off&#8221; button_one_border_width__hover_enabled=&#8221;off&#8221; button_two_border_width__hover_enabled=&#8221;off&#8221; button_border_color__hover_enabled=&#8221;off&#8221; button_one_border_color__hover_enabled=&#8221;off&#8221; button_two_border_color__hover_enabled=&#8221;off&#8221; button_border_radius__hover_enabled=&#8221;off&#8221; button_one_border_radius__hover_enabled=&#8221;off&#8221; button_two_border_radius__hover_enabled=&#8221;off&#8221; button_letter_spacing__hover_enabled=&#8221;off&#8221; button_one_letter_spacing__hover_enabled=&#8221;off&#8221; button_two_letter_spacing__hover_enabled=&#8221;off&#8221; button_bg_color__hover_enabled=&#8221;off&#8221; button_one_bg_color__hover_enabled=&#8221;off&#8221; button_two_bg_color__hover_enabled=&#8221;off&#8221;]<\/p>\n<p><strong>cura della pubblicazione in edizione critica dei testi composti in Italia in lingua latina fra il V e il XV secolo<\/strong><\/p>\n<p>[\/et_pb_slide][\/et_pb_fullwidth_slider][\/et_pb_section][et_pb_section fb_built=&#8221;1&#8243; fullwidth=&#8221;on&#8221; admin_label=&#8221;sezione amministrazione trasparente&#8221; _builder_version=&#8221;4.0.9&#8243; background_color=&#8221;#f7f7f7&#8243;][et_pb_fullwidth_header title=&#8221;Amministrazione trasparente&#8221; text_orientation=&#8221;center&#8221; _builder_version=&#8221;3.19.14&#8243; background_color=&#8221;rgba(255, 255, 255, 0)&#8221; background_layout=&#8221;light&#8221; max_width_tablet=&#8221;50px&#8221; custom_padding=&#8221;0px||0px&#8221; button_one_text_size__hover_enabled=&#8221;off&#8221; button_two_text_size__hover_enabled=&#8221;off&#8221; button_one_text_color__hover_enabled=&#8221;off&#8221; button_two_text_color__hover_enabled=&#8221;off&#8221; button_one_border_width__hover_enabled=&#8221;off&#8221; button_two_border_width__hover_enabled=&#8221;off&#8221; button_one_border_color__hover_enabled=&#8221;off&#8221; button_two_border_color__hover_enabled=&#8221;off&#8221; button_one_border_radius__hover_enabled=&#8221;off&#8221; button_two_border_radius__hover_enabled=&#8221;off&#8221; button_one_letter_spacing__hover_enabled=&#8221;off&#8221; button_two_letter_spacing__hover_enabled=&#8221;off&#8221; button_one_bg_color__hover_enabled=&#8221;off&#8221; button_two_bg_color__hover_enabled=&#8221;off&#8221;]<\/p>\n<p>Per assicurare il soddisfacimento degli obblighi di pubblicit\u00e0, trasparenza e diffusione delle informazioni, si possono consultare i documenti che disponibili nel men\u00f9 principale sotto la voce &#8220;<strong><em>Amministrazione trasparente<\/em><\/strong>&#8220;.<\/p>\n<p style=\"text-align: left;\">La normativa di riferimento \u00e8 la seguente:<\/p>\n<ul>\n<li style=\"text-align: left;\"><strong>legge 6 novembre 2012, n. 190<\/strong>, recante <em>Disposizioni per la prevenzione e la repressione della corruzione e dell&#8217;illegalit\u00e0 nella pubblica amministrazione<\/em>;<\/li>\n<li style=\"text-align: left;\"><strong>decreto legislativo 14 marzo 2013, n. 33<\/strong>, recante <em>Riordino della disciplina riguardante gli obblighi di pubblicit\u00e0, trasparenza e diffusione di informazioni da parte delle pubbliche amministrazioni<\/em>, integrato e corretto dalle disposizioni dell\u2019articolo 7 della legge 7 agosto 2015, n. 124, recante<em> Revisione e semplificazione delle disposizioni in materia di prevenzione della corruzione, pubblicit\u00e0 e trasparenza<\/em>;<\/li>\n<li style=\"text-align: left;\"><strong>decreto legislativo 25 maggio 2016, n. 97<\/strong>, recante <em>Revisione e semplificazione delle disposizioni in materia di prevenzione della corruzione pubblicit\u00e0 e trasparenza<\/em>, correttivo della L. 190\/2012 e del Dlgs. 33\/2013;<\/li>\n<li style=\"text-align: left;\"><strong>decreto legislativo 8 aprile 2013, n. 39<\/strong>, recante <em>Disposizioni in materia di inconferibilit\u00e0 e incompatibilit\u00e0 di incarichi presso le pubbliche amministrazioni e presso gli enti privati in controllo pubblico, a norma dell&#8217;articolo 1, commi 49-50 della legge 190\/2012, adottati in attuazione delle deleghe legislative conferite dalla medesima<\/em>; e <strong>determinazione dell\u2019Autorit\u00e0 nazionale anticorruzione 3 agosto 2016, n. 833<\/strong>, recante <em>Linee guida in materia di accertamento delle inconferibilit\u00e0 e delle incompatibilit\u00e0 degli incarichi amministrativi da parte del Responsabile della Prevenzione della Corruzione<\/em>;<\/li>\n<li style=\"text-align: left;\"><strong>determinazione dell\u2019Autorit\u00e0 nazionale anticorruzione 8 novembre 2017, n. 1134<\/strong>, recante <em>Nuove linee guida per l\u2019attuazione della normativa in materia di prevenzione della corruzione e trasparenza da parte delle societ\u00e0 e degli enti di diritto privato controllati e partecipati dalle pubbliche amministrazioni e degli enti pubblici economici<\/em>;<\/li>\n<li style=\"text-align: left;\">l<strong>egge 30 novembre 2017, n. 179<\/strong>, recante <em>Disposizioni per la tutela degli autori di segnalazioni di reati o irregolarit\u00e0 di cui siano venuti a conoscenza nell&#8217;ambito di un rapporto pubblico o privato<\/em>;<\/li>\n<li style=\"text-align: left;\"><strong>delibera dell\u2019Autorit\u00e0 nazionale anticorruzione 2 ottobre 2018 n. 840<\/strong>, sulla corretta interpretazione dei compiti del Responsabile della Prevenzione della Corruzione e della Trasparenza;<\/li>\n<li style=\"text-align: left;\"><strong>delibera dell\u2019Autorit\u00e0 nazionale anticorruzione 13 novembre 2019, n. 1064<\/strong>, recante il <em>Piano Nazionale Anticorruzione 2019<\/em>.<\/li>\n<\/ul>\n<p>[\/et_pb_fullwidth_header][\/et_pb_section][et_pb_section fb_built=&#8221;1&#8243; _builder_version=&#8221;3.19.14&#8243; custom_padding=&#8221;13px|0px|0|0px|false|false&#8221; global_module=&#8221;95&#8243;][et_pb_row _builder_version=&#8221;3.25&#8243; background_size=&#8221;initial&#8221; background_position=&#8221;top_left&#8221; background_repeat=&#8221;repeat&#8221; custom_padding=&#8221;0|0px|0|0px|false|false&#8221; column_structure=&#8221;1_4,1_4,1_4,1_4&#8243;][et_pb_column type=&#8221;1_4&#8243; _builder_version=&#8221;3.25&#8243; custom_padding=&#8221;|||&#8221; custom_padding__hover=&#8221;|||&#8221;][et_pb_blurb title=&#8221;ORGANI&#8221; url=&#8221;http:\/\/www.entmi.it\/images\/pdf\/2018\/ENTMI_ORGANI_Composizione2018feb15.pdf&#8221; url_new_window=&#8221;on&#8221; use_icon=&#8221;on&#8221; font_icon=&#8221;%%159%%&#8221; icon_color=&#8221;#2ea3f2&#8243; use_circle=&#8221;on&#8221; circle_color=&#8221;#ffffff&#8221; use_circle_border=&#8221;on&#8221; circle_border_color=&#8221;#f7f7f7&#8243; admin_label=&#8221;Organi&#8221; _builder_version=&#8221;3.19.14&#8243; background_size=&#8221;initial&#8221; background_position=&#8221;top_left&#8221; background_repeat=&#8221;repeat&#8221; text_orientation=&#8221;center&#8221; max_width_tablet=&#8221;50px&#8221;][\/et_pb_blurb][\/et_pb_column][et_pb_column type=&#8221;1_4&#8243; _builder_version=&#8221;3.25&#8243; custom_padding=&#8221;|||&#8221; custom_padding__hover=&#8221;|||&#8221;][et_pb_blurb title=&#8221;TRASPARENZA&#8221; url=&#8221;http:\/\/www.entmi.it\/cms01\/index.php\/amministrazione-trasparente\/&#8221; use_icon=&#8221;on&#8221; font_icon=&#8221;%%57%%&#8221; icon_color=&#8221;#2ea3f2&#8243; use_circle=&#8221;on&#8221; circle_color=&#8221;#ffffff&#8221; use_circle_border=&#8221;on&#8221; circle_border_color=&#8221;#f7f7f7&#8243; admin_label=&#8221;Trasparenza&#8221; _builder_version=&#8221;3.19.14&#8243; background_size=&#8221;initial&#8221; background_position=&#8221;top_left&#8221; background_repeat=&#8221;repeat&#8221; text_orientation=&#8221;center&#8221; max_width_tablet=&#8221;50px&#8221; link_option_url_new_window=&#8221;on&#8221;][\/et_pb_blurb][\/et_pb_column][et_pb_column type=&#8221;1_4&#8243; _builder_version=&#8221;3.25&#8243; custom_padding=&#8221;|||&#8221; custom_padding__hover=&#8221;|||&#8221;][et_pb_blurb title=&#8221;PRIVACY&#8221; url=&#8221;http:\/\/www.entmi.it\/cms01\/index.php\/privacy\/&#8221; use_icon=&#8221;on&#8221; font_icon=&#8221;%%72%%&#8221; icon_color=&#8221;#2ea3f2&#8243; use_circle=&#8221;on&#8221; circle_color=&#8221;#ffffff&#8221; use_circle_border=&#8221;on&#8221; circle_border_color=&#8221;#f7f7f7&#8243; admin_label=&#8221;News&#8221; _builder_version=&#8221;3.19.14&#8243; background_size=&#8221;initial&#8221; background_position=&#8221;top_left&#8221; background_repeat=&#8221;repeat&#8221; text_orientation=&#8221;center&#8221;][\/et_pb_blurb][\/et_pb_column][et_pb_column type=&#8221;1_4&#8243; _builder_version=&#8221;3.25&#8243; custom_padding=&#8221;|||&#8221; custom_padding__hover=&#8221;|||&#8221;][et_pb_blurb title=&#8221;NEWS&#8221; url=&#8221;http:\/\/www.entmi.it\/cms01\/index.php\/news\/&#8221; use_icon=&#8221;on&#8221; font_icon=&#8221;%%153%%&#8221; icon_color=&#8221;#2ea3f2&#8243; use_circle=&#8221;on&#8221; circle_color=&#8221;#ffffff&#8221; use_circle_border=&#8221;on&#8221; circle_border_color=&#8221;#f7f7f7&#8243; admin_label=&#8221;Contatti&#8221; _builder_version=&#8221;3.19.14&#8243; background_size=&#8221;initial&#8221; background_position=&#8221;top_left&#8221; background_repeat=&#8221;repeat&#8221; text_orientation=&#8221;center&#8221; max_width_tablet=&#8221;50px&#8221;][\/et_pb_blurb][\/et_pb_column][\/et_pb_row][et_pb_row use_custom_gutter=&#8221;on&#8221; gutter_width=&#8221;1&#8243; module_class=&#8221; et_pb_row_fullwidth&#8221; _builder_version=&#8221;3.25&#8243; background_size=&#8221;initial&#8221; background_position=&#8221;top_left&#8221; background_repeat=&#8221;repeat&#8221; width=&#8221;100%&#8221; width_tablet=&#8221;100%&#8221; width_last_edited=&#8221;on|desktop&#8221; max_width=&#8221;100%&#8221; max_width_tablet=&#8221;100%&#8221; max_width_last_edited=&#8221;on|desktop&#8221; custom_padding=&#8221;27px|0px|0|0px|false|false&#8221; make_fullwidth=&#8221;on&#8221;][et_pb_column type=&#8221;4_4&#8243; _builder_version=&#8221;3.25&#8243; custom_padding=&#8221;|||&#8221; custom_padding__hover=&#8221;|||&#8221;][et_pb_cta title=&#8221;Info e Contatti&#8221; button_url=&#8221;http:\/\/www.entmi.it\/cms01\/index.php\/contatti\/&#8221; button_text=&#8221;contattaci&#8221; admin_label=&#8221;Contatti&#8221; _builder_version=&#8221;3.17.4&#8243; background_color=&#8221;#2ea3f2&#8243; use_background_color_gradient=&#8221;on&#8221; background_color_gradient_start=&#8221;#2ea3f2&#8243; background_color_gradient_end=&#8221;#2e6df4&#8243; background_color_gradient_direction=&#8221;330deg&#8221; background_size=&#8221;initial&#8221; background_position=&#8221;top_left&#8221; background_repeat=&#8221;repeat&#8221; button_text_size__hover_enabled=&#8221;off&#8221; button_text_size__hover=&#8221;null&#8221; button_one_text_size__hover_enabled=&#8221;off&#8221; button_one_text_size__hover=&#8221;null&#8221; button_two_text_size__hover_enabled=&#8221;off&#8221; button_two_text_size__hover=&#8221;null&#8221; button_text_color__hover_enabled=&#8221;off&#8221; button_text_color__hover=&#8221;null&#8221; button_one_text_color__hover_enabled=&#8221;off&#8221; button_one_text_color__hover=&#8221;null&#8221; button_two_text_color__hover_enabled=&#8221;off&#8221; button_two_text_color__hover=&#8221;null&#8221; button_border_width__hover_enabled=&#8221;off&#8221; button_border_width__hover=&#8221;null&#8221; button_one_border_width__hover_enabled=&#8221;off&#8221; button_one_border_width__hover=&#8221;null&#8221; button_two_border_width__hover_enabled=&#8221;off&#8221; button_two_border_width__hover=&#8221;null&#8221; button_border_color__hover_enabled=&#8221;off&#8221; button_border_color__hover=&#8221;null&#8221; button_one_border_color__hover_enabled=&#8221;off&#8221; button_one_border_color__hover=&#8221;null&#8221; button_two_border_color__hover_enabled=&#8221;off&#8221; button_two_border_color__hover=&#8221;null&#8221; button_border_radius__hover_enabled=&#8221;off&#8221; button_border_radius__hover=&#8221;null&#8221; button_one_border_radius__hover_enabled=&#8221;off&#8221; button_one_border_radius__hover=&#8221;null&#8221; button_two_border_radius__hover_enabled=&#8221;off&#8221; button_two_border_radius__hover=&#8221;null&#8221; button_letter_spacing__hover_enabled=&#8221;off&#8221; button_letter_spacing__hover=&#8221;null&#8221; button_one_letter_spacing__hover_enabled=&#8221;off&#8221; button_one_letter_spacing__hover=&#8221;null&#8221; button_two_letter_spacing__hover_enabled=&#8221;off&#8221; button_two_letter_spacing__hover=&#8221;null&#8221; button_bg_color__hover_enabled=&#8221;off&#8221; button_bg_color__hover=&#8221;null&#8221; button_one_bg_color__hover_enabled=&#8221;off&#8221; button_one_bg_color__hover=&#8221;null&#8221; button_two_bg_color__hover_enabled=&#8221;off&#8221; button_two_bg_color__hover=&#8221;null&#8221;]<\/p>\n<p style=\"text-align: center;\">c\/o S.I.S.M.E.L. &#8211; Via Montebello n. 7, 50123 \u2013 Firenze<br \/>Tel. 055 2048501 &#8211; fax 055 2302832;<br \/>presidenza@entmi.it<br \/>segreteria@entmi.it &#8211; segretariotesoriere@entmi.it<br \/>Codice Fiscale 94218000480<\/p>\n<p>[\/et_pb_cta][\/et_pb_column][\/et_pb_row][\/et_pb_section]<\/p>\n","protected":false},"excerpt":{"rendered":"<p>cura della pubblicazione in edizione critica dei testi composti in Italia in lingua latina fra il V e il XV secoloPer assicurare il soddisfacimento degli obblighi di pubblicit\u00e0, trasparenza e diffusione delle informazioni, si possono consultare i documenti che disponibili nel men\u00f9 principale sotto la voce &#8220;Amministrazione trasparente&#8221;. La normativa di riferimento \u00e8 la seguente: [&hellip;]<\/p>\n","protected":false},"author":1,"featured_media":0,"parent":0,"menu_order":0,"comment_status":"closed","ping_status":"closed","template":"","meta":{"_et_pb_use_builder":"on","_et_pb_old_content":"","_et_gb_content_width":"","footnotes":""},"class_list":["post-110","page","type-page","status-publish","hentry"],"_links":{"self":[{"href":"https:\/\/www.entmi.it\/cms01\/index.php\/wp-json\/wp\/v2\/pages\/110","targetHints":{"allow":["GET"]}}],"collection":[{"href":"https:\/\/www.entmi.it\/cms01\/index.php\/wp-json\/wp\/v2\/pages"}],"about":[{"href":"https:\/\/www.entmi.it\/cms01\/index.php\/wp-json\/wp\/v2\/types\/page"}],"author":[{"embeddable":true,"href":"https:\/\/www.entmi.it\/cms01\/index.php\/wp-json\/wp\/v2\/users\/1"}],"replies":[{"embeddable":true,"href":"https:\/\/www.entmi.it\/cms01\/index.php\/wp-json\/wp\/v2\/comments?post=110"}],"version-history":[{"count":20,"href":"https:\/\/www.entmi.it\/cms01\/index.php\/wp-json\/wp\/v2\/pages\/110\/revisions"}],"predecessor-version":[{"id":419,"href":"https:\/\/www.entmi.it\/cms01\/index.php\/wp-json\/wp\/v2\/pages\/110\/revisions\/419"}],"wp:attachment":[{"href":"https:\/\/www.entmi.it\/cms01\/index.php\/wp-json\/wp\/v2\/media?parent=110"}],"curies":[{"name":"wp","href":"https:\/\/api.w.org\/{rel}","templated":true}]}}